{"id":727,"date":"2022-12-13T10:35:45","date_gmt":"2022-12-13T09:35:45","guid":{"rendered":"https:\/\/mende-systemelektronik.com\/?page_id=727"},"modified":"2026-01-29T16:04:39","modified_gmt":"2026-01-29T15:04:39","slug":"mende-systemelektronik-in-grattersdorf","status":"publish","type":"page","link":"https:\/\/mende-systemelektronik.com\/en\/","title":{"rendered":"Mende Systemelektronik in Grattersdorf"},"content":{"rendered":"<p>[et_pb_section fb_built=&#8221;1&#8243; fullwidth=&#8221;on&#8221; disabled_on=&#8221;off|off|on&#8221; _builder_version=&#8221;4.23.4&#8243; _module_preset=&#8221;default&#8221; background_color_tablet=&#8221;#0070c0&#8243; background_last_edited=&#8221;on|desktop&#8221; background_enable_color_tablet=&#8221;on&#8221; global_colors_info=&#8221;{}&#8221;][et_pb_fullwidth_image src=&#8221;https:\/\/mende-systemelektronik.com\/wp-content\/uploads\/2023\/12\/Header-MFC-englisch-Dezember-2023.jpg&#8221; alt=&#8221;Mende Systemelektronik &#8211; Active Magnetic Field Compensation System&#8221; title_text=&#8221;Mende Systemelektronik &#8211; Active Magnetic Field Compensation System&#8221; _builder_version=&#8221;4.23.4&#8243; _module_preset=&#8221;default&#8221; global_colors_info=&#8221;{}&#8221;][\/et_pb_fullwidth_image][\/et_pb_section][et_pb_section fb_built=&#8221;1&#8243; disabled_on=&#8221;on|on|off&#8221; _builder_version=&#8221;4.23.1&#8243; _module_preset=&#8221;default&#8221; custom_margin=&#8221;0px|0px|0px|0px|false|false&#8221; custom_padding=&#8221;0px|0px|0px|0px|false|false&#8221; global_colors_info=&#8221;{}&#8221;][et_pb_row _builder_version=&#8221;4.23.1&#8243; _module_preset=&#8221;default&#8221; custom_margin=&#8221;0px||0px||false|false&#8221; custom_padding=&#8221;0px||0px||false|false&#8221; global_colors_info=&#8221;{}&#8221;][et_pb_column type=&#8221;4_4&#8243; _builder_version=&#8221;4.23.1&#8243; _module_preset=&#8221;default&#8221; global_colors_info=&#8221;{}&#8221;][et_pb_image src=&#8221;https:\/\/mende-systemelektronik.com\/wp-content\/uploads\/2023\/12\/Header-MFC-englisch-Dezember-2023.jpg&#8221; alt=&#8221;Mende Systemelektronik &#8211; Active Magnetic Field Compensation System&#8221; title_text=&#8221;Mende Systemelektronik &#8211; Active Magnetic Field Compensation System&#8221; align=&#8221;center&#8221; _builder_version=&#8221;4.23.4&#8243; _module_preset=&#8221;default&#8221; global_colors_info=&#8221;{}&#8221;][\/et_pb_image][\/et_pb_column][\/et_pb_row][\/et_pb_section][et_pb_section fb_built=&#8221;1&#8243; custom_padding_last_edited=&#8221;off|desktop&#8221; _builder_version=&#8221;4.23.1&#8243; _module_preset=&#8221;default&#8221; custom_padding=&#8221;||30px||false|false&#8221; custom_padding_tablet=&#8221;50px||50px||true|false&#8221; custom_padding_phone=&#8221;50px||50px||true|false&#8221; global_colors_info=&#8221;{}&#8221;][et_pb_row _builder_version=&#8221;4.23.1&#8243; _module_preset=&#8221;default&#8221; width=&#8221;1000px&#8221; custom_margin=&#8221;||30px||false|false&#8221; pac_drh_enable_stacking=&#8221;pac_drh_stack_row pac_drh_stack_tab_mob&#8221; global_colors_info=&#8221;{}&#8221;][et_pb_column type=&#8221;4_4&#8243; module_class=&#8221;SMB-vertical-align&#8221; _builder_version=&#8221;4.19.2&#8243; _module_preset=&#8221;default&#8221; pac_drh_add_staking_order_tab=&#8221;pac_drh_order_tab_two&#8221; pac_drh_add_staking_order_mob=&#8221;pac_drh_order_mob_two&#8221; global_colors_info=&#8221;{}&#8221;][et_pb_text _builder_version=&#8221;4.23.1&#8243; _module_preset=&#8221;default&#8221; global_colors_info=&#8221;{}&#8221;]<\/p>\n<h1>The active magnetic field compensation system with MFC 45 and<br \/>MFC 90 provides the best possible magnetic environment for your high-tech device and delivers interference-free imaging.<\/h1>\n<p>[\/et_pb_text][\/et_pb_column][\/et_pb_row][et_pb_row _builder_version=&#8221;4.23.1&#8243; _module_preset=&#8221;default&#8221; width=&#8221;1000px&#8221; custom_margin=&#8221;0px||||false|false&#8221; custom_padding=&#8221;0px||||false|false&#8221; global_colors_info=&#8221;{}&#8221;][et_pb_column type=&#8221;4_4&#8243; _builder_version=&#8221;4.23.1&#8243; _module_preset=&#8221;default&#8221; global_colors_info=&#8221;{}&#8221;][et_pb_text _builder_version=&#8221;4.23.1&#8243; _module_preset=&#8221;default&#8221; global_colors_info=&#8221;{}&#8221;]<\/p>\n<ul>\n<li>Scanning electron microscopes<\/li>\n<li>Transmission electron microscopes<\/li>\n<li>Electron beam lithographs<\/li>\n<li>Mask writers for semiconductor manufacturing<\/li>\n<li>Systems or devices that need a low and stable magnetic environment<\/li>\n<\/ul>\n<p>[\/et_pb_text][et_pb_text _builder_version=&#8221;4.23.1&#8243; _module_preset=&#8221;default&#8221; custom_margin=&#8221;||40px||false|false&#8221; global_colors_info=&#8221;{}&#8221;]<\/p>\n<h2>Consultancy, planning and installation of active magnetic field compensation systems<\/h2>\n<p>[\/et_pb_text][et_pb_button button_url=&#8221;https:\/\/mende-systemelektronik.com\/en\/magnetic-field-compensation-system\/&#8221; button_text=&#8221;More information&#8221; _builder_version=&#8221;4.23.1&#8243; _module_preset=&#8221;default&#8221; global_colors_info=&#8221;{}&#8221;][\/et_pb_button][\/et_pb_column][\/et_pb_row][\/et_pb_section]<\/p>\n","protected":false},"excerpt":{"rendered":"<p>The active magnetic field compensation system with MFC 45 andMFC 90 provides the best possible magnetic environment for your high-tech device and delivers interference-free imaging. Scanning electron microscopes Transmission electron microscopes Electron beam lithographs Mask writers for semiconductor manufacturing Systems or devices that need a low and stable magnetic environment Consultancy, planning and installation of [&hellip;]<\/p>\n","protected":false},"author":1,"featured_media":0,"parent":0,"menu_order":0,"comment_status":"closed","ping_status":"closed","template":"","meta":{"_et_pb_use_builder":"on","_et_pb_old_content":"<p>[et_pb_section fb_built=\"1\" fullwidth=\"on\" disabled_on=\"off|off|on\" _builder_version=\"4.23.1\" _module_preset=\"default\" background_color_tablet=\"#0070c0\" background_last_edited=\"on|desktop\" background_enable_color_tablet=\"on\" global_colors_info=\"{}\"][et_pb_fullwidth_image src=\"https:\/\/mende-systemelektronik.com\/wp-content\/uploads\/2023\/12\/Mende-Systemelektonik-Header-Startseite-final.jpg\" _builder_version=\"4.23.1\" _module_preset=\"default\" global_colors_info=\"{}\"][\/et_pb_fullwidth_image][\/et_pb_section][et_pb_section fb_built=\"1\" disabled_on=\"on|on|off\" _builder_version=\"4.23.1\" _module_preset=\"default\" custom_margin=\"0px|0px|0px|0px|false|false\" custom_padding=\"0px|0px|0px|0px|false|false\" global_colors_info=\"{}\"][et_pb_row _builder_version=\"4.23.1\" _module_preset=\"default\" custom_margin=\"0px||0px||false|false\" custom_padding=\"0px||0px||false|false\" global_colors_info=\"{}\"][et_pb_column type=\"4_4\" _builder_version=\"4.23.1\" _module_preset=\"default\" global_colors_info=\"{}\"][et_pb_image src=\"https:\/\/mende-systemelektronik.com\/wp-content\/uploads\/2023\/12\/Mende-Systemelektonik-Header-Startseite-final.jpg\" align=\"center\" _builder_version=\"4.23.1\" _module_preset=\"default\" global_colors_info=\"{}\"][\/et_pb_image][\/et_pb_column][\/et_pb_row][\/et_pb_section][et_pb_section fb_built=\"1\" custom_padding_last_edited=\"off|desktop\" _builder_version=\"4.23.1\" _module_preset=\"default\" custom_padding=\"||30px||false|false\" custom_padding_tablet=\"50px||50px||true|false\" custom_padding_phone=\"50px||50px||true|false\" hover_enabled=\"0\" global_colors_info=\"{}\" sticky_enabled=\"0\"][et_pb_row _builder_version=\"4.23.1\" _module_preset=\"default\" hover_enabled=\"0\" pac_drh_enable_stacking=\"pac_drh_stack_row pac_drh_stack_tab_mob\" global_colors_info=\"{}\" custom_margin=\"||60px||false|false\" sticky_enabled=\"0\" width=\"1000px\"][et_pb_column type=\"4_4\" module_class=\"SMB-vertical-align\" _builder_version=\"4.19.2\" _module_preset=\"default\" pac_drh_add_staking_order_tab=\"pac_drh_order_tab_two\" pac_drh_add_staking_order_mob=\"pac_drh_order_mob_two\" global_colors_info=\"{}\"][et_pb_text _builder_version=\"4.23.1\" _module_preset=\"default\" hover_enabled=\"0\" global_colors_info=\"{}\" sticky_enabled=\"0\"]<\/p><h1>Die aktive Magnetfeldkompensationsanlage mit MFC 45 und MFC 90 sorgt f\u00fcr bestm\u00f6gliche magnetische Umgebungsbedingungen f\u00fcr Ihr Hightech-Ger\u00e4t und somit f\u00fcr eine st\u00f6rungsfreie Bildgebung.<\/h1><p>[\/et_pb_text][\/et_pb_column][\/et_pb_row][et_pb_row _builder_version=\"4.23.1\" _module_preset=\"default\" custom_padding=\"0px||||false|false\" custom_margin=\"0px||||false|false\" hover_enabled=\"0\" sticky_enabled=\"0\" width=\"1000px\"][et_pb_column _builder_version=\"4.23.1\" _module_preset=\"default\" type=\"4_4\"][et_pb_text _builder_version=\"4.23.1\" _module_preset=\"default\" hover_enabled=\"0\" global_colors_info=\"{}\" sticky_enabled=\"0\"]<\/p><ul><li>Rasterelektronenmikroskope<\/li><li>Transmissionselektronenmikroskope<\/li><li>Elektronenstrahllithografen<\/li><li>Maskenschreiber f\u00fcr die Halbleiterherstellung<\/li><li>Anlagen oder Ger\u00e4te, die ein geringes und stabiles magnetisches Umfeld ben\u00f6tigen<\/li><\/ul><p>[\/et_pb_text][et_pb_text _builder_version=\"4.23.1\" _module_preset=\"default\" hover_enabled=\"0\" sticky_enabled=\"0\"]<\/p><h2>Beratung, Planung und Installation von aktiven Magnetfeldkompensationsanlagen<\/h2><p>[\/et_pb_text][et_pb_button button_url=\"https:\/\/mende-systemelektronik.com\/magnetfeldkompensationsanlage\/\" button_text=\"Weitere Informationen\" _builder_version=\"4.23.1\" _module_preset=\"default\" global_colors_info=\"{}\"][\/et_pb_button][\/et_pb_column][\/et_pb_row][\/et_pb_section]<\/p>","_et_gb_content_width":"","footnotes":""},"class_list":["post-727","page","type-page","status-publish","hentry"],"yoast_head":"<!-- This site is optimized with the Yoast SEO plugin v27.3 - https:\/\/yoast.com\/product\/yoast-seo-wordpress\/ -->\n<title>Mende Systemelektronik in Grattersdorf - Mende Systemelektronik e.K.<\/title>\n<meta name=\"description\" content=\"Mende Systemelektronik developed the MFC magnetic field system especially for electron microscopes and electron beam lithographs.\" \/>\n<meta name=\"robots\" content=\"index, follow, max-snippet:-1, max-image-preview:large, max-video-preview:-1\" \/>\n<link rel=\"canonical\" href=\"https:\/\/mende-systemelektronik.com\/en\/\" \/>\n<meta property=\"og:locale\" content=\"en_US\" \/>\n<meta property=\"og:type\" content=\"article\" \/>\n<meta property=\"og:title\" content=\"Mende Systemelektronik in Grattersdorf - Mende Systemelektronik e.K.\" \/>\n<meta property=\"og:description\" content=\"Mende Systemelektronik developed the MFC magnetic field system especially for electron microscopes and electron beam lithographs.\" \/>\n<meta property=\"og:url\" content=\"https:\/\/mende-systemelektronik.com\/en\/\" \/>\n<meta property=\"og:site_name\" content=\"Mende Systemelektronik e.K.\" \/>\n<meta property=\"article:modified_time\" content=\"2026-01-29T15:04:39+00:00\" \/>\n<meta name=\"twitter:card\" content=\"summary_large_image\" \/>\n<meta name=\"twitter:label1\" content=\"Est. reading time\" \/>\n\t<meta name=\"twitter:data1\" content=\"1 minute\" \/>\n<script type=\"application\/ld+json\" class=\"yoast-schema-graph\">{\"@context\":\"https:\\\/\\\/schema.org\",\"@graph\":[{\"@type\":\"WebPage\",\"@id\":\"https:\\\/\\\/mende-systemelektronik.com\\\/en\\\/\",\"url\":\"https:\\\/\\\/mende-systemelektronik.com\\\/en\\\/\",\"name\":\"Mende Systemelektronik in Grattersdorf - Mende Systemelektronik e.K.\",\"isPartOf\":{\"@id\":\"https:\\\/\\\/mende-systemelektronik.com\\\/en\\\/#website\"},\"datePublished\":\"2022-12-13T09:35:45+00:00\",\"dateModified\":\"2026-01-29T15:04:39+00:00\",\"description\":\"Mende Systemelektronik developed the MFC magnetic field system especially for electron microscopes and electron beam lithographs.\",\"breadcrumb\":{\"@id\":\"https:\\\/\\\/mende-systemelektronik.com\\\/en\\\/#breadcrumb\"},\"inLanguage\":\"en-US\",\"potentialAction\":[{\"@type\":\"ReadAction\",\"target\":[\"https:\\\/\\\/mende-systemelektronik.com\\\/en\\\/\"]}]},{\"@type\":\"BreadcrumbList\",\"@id\":\"https:\\\/\\\/mende-systemelektronik.com\\\/en\\\/#breadcrumb\",\"itemListElement\":[{\"@type\":\"ListItem\",\"position\":1,\"name\":\"Startseite\",\"item\":\"https:\\\/\\\/mende-systemelektronik.com\\\/en\\\/\"},{\"@type\":\"ListItem\",\"position\":2,\"name\":\"Mende Systemelektronik in Grattersdorf\"}]},{\"@type\":\"WebSite\",\"@id\":\"https:\\\/\\\/mende-systemelektronik.com\\\/en\\\/#website\",\"url\":\"https:\\\/\\\/mende-systemelektronik.com\\\/en\\\/\",\"name\":\"Mende Systemelektronik e.K.\",\"description\":\"\",\"potentialAction\":[{\"@type\":\"SearchAction\",\"target\":{\"@type\":\"EntryPoint\",\"urlTemplate\":\"https:\\\/\\\/mende-systemelektronik.com\\\/en\\\/?s={search_term_string}\"},\"query-input\":{\"@type\":\"PropertyValueSpecification\",\"valueRequired\":true,\"valueName\":\"search_term_string\"}}],\"inLanguage\":\"en-US\"}]}<\/script>\n<!-- \/ Yoast SEO plugin. -->","yoast_head_json":{"title":"Mende Systemelektronik in Grattersdorf - Mende Systemelektronik e.K.","description":"Mende Systemelektronik developed the MFC magnetic field system especially for electron microscopes and electron beam lithographs.","robots":{"index":"index","follow":"follow","max-snippet":"max-snippet:-1","max-image-preview":"max-image-preview:large","max-video-preview":"max-video-preview:-1"},"canonical":"https:\/\/mende-systemelektronik.com\/en\/","og_locale":"en_US","og_type":"article","og_title":"Mende Systemelektronik in Grattersdorf - Mende Systemelektronik e.K.","og_description":"Mende Systemelektronik developed the MFC magnetic field system especially for electron microscopes and electron beam lithographs.","og_url":"https:\/\/mende-systemelektronik.com\/en\/","og_site_name":"Mende Systemelektronik e.K.","article_modified_time":"2026-01-29T15:04:39+00:00","twitter_card":"summary_large_image","twitter_misc":{"Est. reading time":"1 minute"},"schema":{"@context":"https:\/\/schema.org","@graph":[{"@type":"WebPage","@id":"https:\/\/mende-systemelektronik.com\/en\/","url":"https:\/\/mende-systemelektronik.com\/en\/","name":"Mende Systemelektronik in Grattersdorf - Mende Systemelektronik e.K.","isPartOf":{"@id":"https:\/\/mende-systemelektronik.com\/en\/#website"},"datePublished":"2022-12-13T09:35:45+00:00","dateModified":"2026-01-29T15:04:39+00:00","description":"Mende Systemelektronik developed the MFC magnetic field system especially for electron microscopes and electron beam lithographs.","breadcrumb":{"@id":"https:\/\/mende-systemelektronik.com\/en\/#breadcrumb"},"inLanguage":"en-US","potentialAction":[{"@type":"ReadAction","target":["https:\/\/mende-systemelektronik.com\/en\/"]}]},{"@type":"BreadcrumbList","@id":"https:\/\/mende-systemelektronik.com\/en\/#breadcrumb","itemListElement":[{"@type":"ListItem","position":1,"name":"Startseite","item":"https:\/\/mende-systemelektronik.com\/en\/"},{"@type":"ListItem","position":2,"name":"Mende Systemelektronik in Grattersdorf"}]},{"@type":"WebSite","@id":"https:\/\/mende-systemelektronik.com\/en\/#website","url":"https:\/\/mende-systemelektronik.com\/en\/","name":"Mende Systemelektronik e.K.","description":"","potentialAction":[{"@type":"SearchAction","target":{"@type":"EntryPoint","urlTemplate":"https:\/\/mende-systemelektronik.com\/en\/?s={search_term_string}"},"query-input":{"@type":"PropertyValueSpecification","valueRequired":true,"valueName":"search_term_string"}}],"inLanguage":"en-US"}]}},"_links":{"self":[{"href":"https:\/\/mende-systemelektronik.com\/en\/wp-json\/wp\/v2\/pages\/727","targetHints":{"allow":["GET"]}}],"collection":[{"href":"https:\/\/mende-systemelektronik.com\/en\/wp-json\/wp\/v2\/pages"}],"about":[{"href":"https:\/\/mende-systemelektronik.com\/en\/wp-json\/wp\/v2\/types\/page"}],"author":[{"embeddable":true,"href":"https:\/\/mende-systemelektronik.com\/en\/wp-json\/wp\/v2\/users\/1"}],"replies":[{"embeddable":true,"href":"https:\/\/mende-systemelektronik.com\/en\/wp-json\/wp\/v2\/comments?post=727"}],"version-history":[{"count":11,"href":"https:\/\/mende-systemelektronik.com\/en\/wp-json\/wp\/v2\/pages\/727\/revisions"}],"predecessor-version":[{"id":940,"href":"https:\/\/mende-systemelektronik.com\/en\/wp-json\/wp\/v2\/pages\/727\/revisions\/940"}],"wp:attachment":[{"href":"https:\/\/mende-systemelektronik.com\/en\/wp-json\/wp\/v2\/media?parent=727"}],"curies":[{"name":"wp","href":"https:\/\/api.w.org\/{rel}","templated":true}]}}